{"id":82,"date":"2024-05-13T23:10:59","date_gmt":"2024-05-14T02:10:59","guid":{"rendered":"https:\/\/desenvolverd.com.br\/telbe\/?page_id=82"},"modified":"2024-06-23T17:20:14","modified_gmt":"2024-06-23T20:20:14","slug":"quem-somos","status":"publish","type":"page","link":"https:\/\/desenvolverd.com.br\/telbe\/quem-somos\/","title":{"rendered":"Quem Somos"},"content":{"rendered":"\t\t<div data-elementor-type=\"wp-page\" data-elementor-id=\"82\" class=\"elementor elementor-82\" data-elementor-post-type=\"page\">\n\t\t\t\t<div data-particle_enable=\"false\" data-particle-mobile-disabled=\"false\" class=\"has_ae_slider elementor-element elementor-element-33bd870 e-con-full e-flex ae-bg-gallery-type-default e-con e-parent\" data-id=\"33bd870\" data-element_type=\"container\">\n\t\t\t\t<div class=\"elementor-element elementor-element-9a99d3e elementor-widget elementor-widget-image\" data-id=\"9a99d3e\" data-element_type=\"widget\" data-widget_type=\"image.default\">\n\t\t\t\t<div class=\"elementor-widget-container\">\n\t\t\t<style>\/*! elementor - v3.21.0 - 08-05-2024 *\/\n.elementor-widget-image{text-align:center}.elementor-widget-image a{display:inline-block}.elementor-widget-image a img[src$=\".svg\"]{width:48px}.elementor-widget-image img{vertical-align:middle;display:inline-block}<\/style>\t\t\t\t\t\t\t\t\t\t<img fetchpriority=\"high\" decoding=\"async\" width=\"1266\" height=\"190\" src=\"https:\/\/desenvolverd.com.br\/telbe\/wp-content\/uploads\/2024\/06\/4edc22_7309c7852b884a728d8f4cb3dfcd1e92mv2.webp\" class=\"attachment-full size-full wp-image-579\" alt=\"\" srcset=\"https:\/\/desenvolverd.com.br\/telbe\/wp-content\/uploads\/2024\/06\/4edc22_7309c7852b884a728d8f4cb3dfcd1e92mv2.webp 1266w, https:\/\/desenvolverd.com.br\/telbe\/wp-content\/uploads\/2024\/06\/4edc22_7309c7852b884a728d8f4cb3dfcd1e92mv2-300x45.webp 300w, https:\/\/desenvolverd.com.br\/telbe\/wp-content\/uploads\/2024\/06\/4edc22_7309c7852b884a728d8f4cb3dfcd1e92mv2-1024x154.webp 1024w, https:\/\/desenvolverd.com.br\/telbe\/wp-content\/uploads\/2024\/06\/4edc22_7309c7852b884a728d8f4cb3dfcd1e92mv2-768x115.webp 768w\" sizes=\"(max-width: 1266px) 100vw, 1266px\" \/>\t\t\t\t\t\t\t\t\t\t\t\t\t<\/div>\n\t\t\t\t<\/div>\n\t\t\t\t<\/div>\n\t\t<div data-particle_enable=\"false\" data-particle-mobile-disabled=\"false\" class=\"has_ae_slider elementor-element elementor-element-0e5bdd3 e-flex e-con-boxed ae-bg-gallery-type-default e-con e-parent\" data-id=\"0e5bdd3\" data-element_type=\"container\">\n\t\t\t\t\t<div class=\"e-con-inner\">\n\t\t\t\t<div class=\"elementor-element elementor-element-ca3e512 elementor-widget elementor-widget-spacer\" data-id=\"ca3e512\" data-element_type=\"widget\" data-widget_type=\"spacer.default\">\n\t\t\t\t<div class=\"elementor-widget-container\">\n\t\t\t<style>\/*! elementor - v3.21.0 - 08-05-2024 *\/\n.elementor-column .elementor-spacer-inner{height:var(--spacer-size)}.e-con{--container-widget-width:100%}.e-con-inner>.elementor-widget-spacer,.e-con>.elementor-widget-spacer{width:var(--container-widget-width,var(--spacer-size));--align-self:var(--container-widget-align-self,initial);--flex-shrink:0}.e-con-inner>.elementor-widget-spacer>.elementor-widget-container,.e-con>.elementor-widget-spacer>.elementor-widget-container{height:100%;width:100%}.e-con-inner>.elementor-widget-spacer>.elementor-widget-container>.elementor-spacer,.e-con>.elementor-widget-spacer>.elementor-widget-container>.elementor-spacer{height:100%}.e-con-inner>.elementor-widget-spacer>.elementor-widget-container>.elementor-spacer>.elementor-spacer-inner,.e-con>.elementor-widget-spacer>.elementor-widget-container>.elementor-spacer>.elementor-spacer-inner{height:var(--container-widget-height,var(--spacer-size))}.e-con-inner>.elementor-widget-spacer.elementor-widget-empty,.e-con>.elementor-widget-spacer.elementor-widget-empty{position:relative;min-height:22px;min-width:22px}.e-con-inner>.elementor-widget-spacer.elementor-widget-empty .elementor-widget-empty-icon,.e-con>.elementor-widget-spacer.elementor-widget-empty .elementor-widget-empty-icon{position:absolute;top:0;bottom:0;left:0;right:0;margin:auto;padding:0;width:22px;height:22px}<\/style>\t\t<div class=\"elementor-spacer\">\n\t\t\t<div class=\"elementor-spacer-inner\"><\/div>\n\t\t<\/div>\n\t\t\t\t<\/div>\n\t\t\t\t<\/div>\n\t\t\t\t<div class=\"elementor-element elementor-element-b7e52ce elementor-widget elementor-widget-heading\" data-id=\"b7e52ce\" data-element_type=\"widget\" data-widget_type=\"heading.default\">\n\t\t\t\t<div class=\"elementor-widget-container\">\n\t\t\t<style>\/*! elementor - v3.21.0 - 08-05-2024 *\/\n.elementor-heading-title{padding:0;margin:0;line-height:1}.elementor-widget-heading .elementor-heading-title[class*=elementor-size-]>a{color:inherit;font-size:inherit;line-height:inherit}.elementor-widget-heading .elementor-heading-title.elementor-size-small{font-size:15px}.elementor-widget-heading .elementor-heading-title.elementor-size-medium{font-size:19px}.elementor-widget-heading .elementor-heading-title.elementor-size-large{font-size:29px}.elementor-widget-heading .elementor-heading-title.elementor-size-xl{font-size:39px}.elementor-widget-heading .elementor-heading-title.elementor-size-xxl{font-size:59px}<\/style><h2 class=\"elementor-heading-title elementor-size-default\">Sobre n\u00f3s<\/h2>\t\t<\/div>\n\t\t\t\t<\/div>\n\t\t\t\t<div class=\"elementor-element elementor-element-1ab9f4c elementor-widget elementor-widget-heading\" data-id=\"1ab9f4c\" data-element_type=\"widget\" data-widget_type=\"heading.default\">\n\t\t\t\t<div class=\"elementor-widget-container\">\n\t\t\t<h2 class=\"elementor-heading-title elementor-size-default\">5 anos de experi\u00eancia em Banda Larga\n<\/h2>\t\t<\/div>\n\t\t\t\t<\/div>\n\t\t\t\t<div class=\"elementor-element elementor-element-691ecfb elementor-widget elementor-widget-text-editor\" data-id=\"691ecfb\" data-element_type=\"widget\" data-widget_type=\"text-editor.default\">\n\t\t\t\t<div class=\"elementor-widget-container\">\n\t\t\t<style>\/*! elementor - v3.21.0 - 08-05-2024 *\/\n.elementor-widget-text-editor.elementor-drop-cap-view-stacked .elementor-drop-cap{background-color:#69727d;color:#fff}.elementor-widget-text-editor.elementor-drop-cap-view-framed .elementor-drop-cap{color:#69727d;border:3px solid;background-color:transparent}.elementor-widget-text-editor:not(.elementor-drop-cap-view-default) .elementor-drop-cap{margin-top:8px}.elementor-widget-text-editor:not(.elementor-drop-cap-view-default) .elementor-drop-cap-letter{width:1em;height:1em}.elementor-widget-text-editor .elementor-drop-cap{float:left;text-align:center;line-height:1;font-size:50px}.elementor-widget-text-editor .elementor-drop-cap-letter{display:inline-block}<\/style>\t\t\t\t<p>Estamos h\u00e1 5 anos presentes na regi\u00e3o de Valinhos, Itatiba, Louveira e Vinhedo, temos muitos anos de experi\u00eancia na \u00e1rea de internet Banda Larga. Hoje nosso escrit\u00f3rio com sede na cidade de Valinhos comporta nossa estrutura operacional. Trazemos sempre conosco o conceito regionalista, privilegiando os parceiros locais. Nossos funcion\u00e1rios s\u00e3o todos das cidades que atendemos ou pr\u00f3ximas, criando empregos e trazendo tecnologia para a regi\u00e3o.<\/p><p>Somos uma empresa local, nosso foco \u00e9 a satisfa\u00e7\u00e3o do cliente, humanizando o atendimento de uma forma diferenciada e exclusiva.Estando mais pr\u00f3ximos dos clientes, conseguimos identificar as necessidades de cada local e tentamos criar solu\u00e7\u00f5es para atender cada bairro. Prezamos sempre pelo melhor atendimento e pelo melhor servi\u00e7o.<\/p><p>Na TelBe voc\u00ea pode confiar.<\/p>\t\t\t\t\t\t<\/div>\n\t\t\t\t<\/div>\n\t\t\t\t\t<\/div>\n\t\t\t\t<\/div>\n\t\t\t\t<\/div>\n\t\t","protected":false},"excerpt":{"rendered":"<p>Sobre n\u00f3s 5 anos de experi\u00eancia em Banda Larga Estamos h\u00e1 5 anos presentes na regi\u00e3o de Valinhos, Itatiba, Louveira e Vinhedo, temos muitos anos de experi\u00eancia na \u00e1rea de internet Banda Larga. Hoje nosso escrit\u00f3rio com sede na cidade de Valinhos comporta nossa estrutura operacional. Trazemos sempre conosco o conceito regionalista, privilegiando os parceiros&hellip;&nbsp;<a href=\"https:\/\/desenvolverd.com.br\/telbe\/quem-somos\/\" class=\"\" rel=\"bookmark\">Continue a ler &raquo;<span class=\"screen-reader-text\">Quem Somos<\/span><\/a><\/p>\n","protected":false},"author":1,"featured_media":0,"parent":0,"menu_order":0,"comment_status":"closed","ping_status":"closed","template":"page-templates\/template-pagebuilder-full-width.php","meta":{"neve_meta_sidebar":"","neve_meta_container":"","neve_meta_enable_content_width":"","neve_meta_content_width":0,"neve_meta_title_alignment":"","neve_meta_author_avatar":"","neve_post_elements_order":"","neve_meta_disable_header":"","neve_meta_disable_footer":"","neve_meta_disable_title":"","footnotes":""},"class_list":["post-82","page","type-page","status-publish","hentry"],"_links":{"self":[{"href":"https:\/\/desenvolverd.com.br\/telbe\/wp-json\/wp\/v2\/pages\/82","targetHints":{"allow":["GET"]}}],"collection":[{"href":"https:\/\/desenvolverd.com.br\/telbe\/wp-json\/wp\/v2\/pages"}],"about":[{"href":"https:\/\/desenvolverd.com.br\/telbe\/wp-json\/wp\/v2\/types\/page"}],"author":[{"embeddable":true,"href":"https:\/\/desenvolverd.com.br\/telbe\/wp-json\/wp\/v2\/users\/1"}],"replies":[{"embeddable":true,"href":"https:\/\/desenvolverd.com.br\/telbe\/wp-json\/wp\/v2\/comments?post=82"}],"version-history":[{"count":4,"href":"https:\/\/desenvolverd.com.br\/telbe\/wp-json\/wp\/v2\/pages\/82\/revisions"}],"predecessor-version":[{"id":583,"href":"https:\/\/desenvolverd.com.br\/telbe\/wp-json\/wp\/v2\/pages\/82\/revisions\/583"}],"wp:attachment":[{"href":"https:\/\/desenvolverd.com.br\/telbe\/wp-json\/wp\/v2\/media?parent=82"}],"curies":[{"name":"wp","href":"https:\/\/api.w.org\/{rel}","templated":true}]}}