{"id":550,"date":"2024-06-23T16:24:52","date_gmt":"2024-06-23T19:24:52","guid":{"rendered":"https:\/\/desenvolverd.com.br\/telbe\/?page_id=550"},"modified":"2024-06-25T22:08:10","modified_gmt":"2024-06-26T01:08:10","slug":"abrir-chamado","status":"publish","type":"page","link":"https:\/\/desenvolverd.com.br\/telbe\/abrir-chamado\/","title":{"rendered":"Abrir Chamado"},"content":{"rendered":"\t\t<div data-elementor-type=\"wp-page\" data-elementor-id=\"550\" class=\"elementor elementor-550\" data-elementor-post-type=\"page\">\n\t\t\t\t<div data-particle_enable=\"false\" data-particle-mobile-disabled=\"false\" class=\"has_ae_slider elementor-element elementor-element-fe1e3c4 e-flex e-con-boxed ae-bg-gallery-type-default e-con e-parent\" data-id=\"fe1e3c4\" data-element_type=\"container\">\n\t\t\t\t\t<div class=\"e-con-inner\">\n\t\t\t\t<div class=\"elementor-element elementor-element-bbe0a63 elementor-widget elementor-widget-spacer\" data-id=\"bbe0a63\" data-element_type=\"widget\" data-widget_type=\"spacer.default\">\n\t\t\t\t<div class=\"elementor-widget-container\">\n\t\t\t<style>\/*! elementor - v3.21.0 - 08-05-2024 *\/\n.elementor-column .elementor-spacer-inner{height:var(--spacer-size)}.e-con{--container-widget-width:100%}.e-con-inner>.elementor-widget-spacer,.e-con>.elementor-widget-spacer{width:var(--container-widget-width,var(--spacer-size));--align-self:var(--container-widget-align-self,initial);--flex-shrink:0}.e-con-inner>.elementor-widget-spacer>.elementor-widget-container,.e-con>.elementor-widget-spacer>.elementor-widget-container{height:100%;width:100%}.e-con-inner>.elementor-widget-spacer>.elementor-widget-container>.elementor-spacer,.e-con>.elementor-widget-spacer>.elementor-widget-container>.elementor-spacer{height:100%}.e-con-inner>.elementor-widget-spacer>.elementor-widget-container>.elementor-spacer>.elementor-spacer-inner,.e-con>.elementor-widget-spacer>.elementor-widget-container>.elementor-spacer>.elementor-spacer-inner{height:var(--container-widget-height,var(--spacer-size))}.e-con-inner>.elementor-widget-spacer.elementor-widget-empty,.e-con>.elementor-widget-spacer.elementor-widget-empty{position:relative;min-height:22px;min-width:22px}.e-con-inner>.elementor-widget-spacer.elementor-widget-empty .elementor-widget-empty-icon,.e-con>.elementor-widget-spacer.elementor-widget-empty .elementor-widget-empty-icon{position:absolute;top:0;bottom:0;left:0;right:0;margin:auto;padding:0;width:22px;height:22px}<\/style>\t\t<div class=\"elementor-spacer\">\n\t\t\t<div class=\"elementor-spacer-inner\"><\/div>\n\t\t<\/div>\n\t\t\t\t<\/div>\n\t\t\t\t<\/div>\n\t\t\t\t\t<\/div>\n\t\t\t\t<\/div>\n\t\t<div data-particle_enable=\"false\" data-particle-mobile-disabled=\"false\" class=\"has_ae_slider elementor-element elementor-element-0287d8b e-flex e-con-boxed ae-bg-gallery-type-default e-con e-parent\" data-id=\"0287d8b\" data-element_type=\"container\">\n\t\t\t\t\t<div class=\"e-con-inner\">\n\t\t\t\t<div class=\"elementor-element elementor-element-ea19799 elementor-widget elementor-widget-heading\" data-id=\"ea19799\" data-element_type=\"widget\" data-widget_type=\"heading.default\">\n\t\t\t\t<div class=\"elementor-widget-container\">\n\t\t\t<style>\/*! elementor - v3.21.0 - 08-05-2024 *\/\n.elementor-heading-title{padding:0;margin:0;line-height:1}.elementor-widget-heading .elementor-heading-title[class*=elementor-size-]>a{color:inherit;font-size:inherit;line-height:inherit}.elementor-widget-heading .elementor-heading-title.elementor-size-small{font-size:15px}.elementor-widget-heading .elementor-heading-title.elementor-size-medium{font-size:19px}.elementor-widget-heading .elementor-heading-title.elementor-size-large{font-size:29px}.elementor-widget-heading .elementor-heading-title.elementor-size-xl{font-size:39px}.elementor-widget-heading .elementor-heading-title.elementor-size-xxl{font-size:59px}<\/style><h2 class=\"elementor-heading-title elementor-size-default\">Abrir Chamado<\/h2>\t\t<\/div>\n\t\t\t\t<\/div>\n\t\t\t\t\t<\/div>\n\t\t\t\t<\/div>\n\t\t<div data-particle_enable=\"false\" data-particle-mobile-disabled=\"false\" class=\"has_ae_slider elementor-element elementor-element-10c7b46 e-flex e-con-boxed ae-bg-gallery-type-default e-con e-parent\" data-id=\"10c7b46\" data-element_type=\"container\">\n\t\t\t\t\t<div class=\"e-con-inner\">\n\t\t\t\t<div class=\"elementor-element elementor-element-2884d91 elementor-widget__width-inherit elementor-widget elementor-widget-html\" data-id=\"2884d91\" data-element_type=\"widget\" data-widget_type=\"html.default\">\n\t\t\t\t<div class=\"elementor-widget-container\">\n\t\t\t<!-- Formul\u00e1rio -->\n<form id=\"llCaptureForm\" class=\"llform001\"  action=\"\/\/paginas.rocks\/capture\" method=\"post\">\n   <input type=\"hidden\" id=\"mid\" name=\"mid\" value=\"736337\" \/>\n   <input type=\"hidden\" id=\"fid\" name=\"fid\" value=\"67104\" \/>\n   <input type=\"hidden\" id=\"formType\" name=\"formType\" value=\"dynamic\" \/>\n   <div>\n       <label  for=\"llfield95605\">Nome<\/label>\n       <input type=\"text\" id=\"llfield95605\" name=\"llfield95605\" placeholder=\"Digite seu nome completo\" data-required=\"true\" \/>\n       <div class=\"field-error\" id=\"llerror95605\"><\/div>\n   <\/div>\n   <div>\n       <label  for=\"llfield95074\">E-mail<\/label>\n       <input type=\"email\" id=\"llfield95074\" name=\"llfield95074\" placeholder=\"E-mail\" data-required=\"true\" \/>\n       <div class=\"field-error\" id=\"llerror95074\"><\/div>\n   <\/div>\n   <div>\n       <label  for=\"llfield95606\">CPF<\/label>\n       <input type=\"text\" id=\"llfield95606\" name=\"llfield95606\" placeholder=\"Digite seu CPF (somente n\u00fameros)\" data-required=\"true\" \/>\n       <div class=\"field-error\" id=\"llerror95606\"><\/div>\n   <\/div>\n   <div>\n       <label >Tipo de chamado<\/label>\n       <div class=\"field-error\" id=\"llerror95608\"><\/div>\n       <div class=\"radio-list\"  >\n           <div class=\"radio\">\n               <label>\n                   <input type=\"radio\" id=\"llfield180734\" name=\"llfield95608\" value=\"Reativar plano\/Religue\" checked \/> Reativar plano\/Religue\n               <\/label>\n           <\/div>\n           <div class=\"radio\">\n               <label>\n                   <input type=\"radio\" id=\"llfield180733\" name=\"llfield95608\" value=\"Reclama\u00e7\u00e3o\" \/> Reclama\u00e7\u00e3o\n               <\/label>\n           <\/div>\n           <div class=\"radio\">\n               <label>\n                   <input type=\"radio\" id=\"llfield180735\" name=\"llfield95608\" value=\"Reportar falha\" \/> Reportar falha\n               <\/label>\n           <\/div>\n           <div class=\"radio\">\n               <label>\n                   <input type=\"radio\" id=\"llfield180732\" name=\"llfield95608\" value=\"Sugest\u00e3o\/Elogio\" \/> Sugest\u00e3o\/Elogio\n               <\/label>\n           <\/div>\n       <\/div>\n   <\/div>\n   <div>\n       <label  for=\"llfield95607\">Descri\u00e7\u00e3o<\/label>\n       <textarea id=\"llfield95607\" name=\"llfield95607\" placeholder=\"Digite aqui sua mensagem\" data-required=\"true\" rows=5 ><\/textarea>\n       <div class=\"field-error\" id=\"llerror95607\"><\/div>\n   <\/div>\n   <div class=\"button-bar\">\n       <button  type=\"submit\">Enviar<\/button>\n   <\/div>\n   <div class=\"loading-box\">\n       <img decoding=\"async\" src=\"\/\/paginas.rocks\/content\/images\/spinner.gif\" \/>\n       <div>loading...<\/div>\n   <\/div>\n   <div class=\"error-box\">\n       <img decoding=\"async\" src=\"\/\/paginas.rocks\/content\/images\/error-icon.png\" \/>\n       <div><\/div>\n       <button type=\"button\" class=\"btn\" id=\"btn-error\">Ok<\/button>\n   <\/div>\n   <img decoding=\"async\" src=\"https:\/\/llimages.com\/redirect\/redirect.aspx?A=V&f=67104&m=736337\" style=\"display: none;\" \/>\n<\/form>\t\t<\/div>\n\t\t\t\t<\/div>\n\t\t\t\t\t<\/div>\n\t\t\t\t<\/div>\n\t\t<div data-particle_enable=\"false\" data-particle-mobile-disabled=\"false\" class=\"has_ae_slider elementor-element elementor-element-38b5b38 e-flex e-con-boxed ae-bg-gallery-type-default e-con e-parent\" data-id=\"38b5b38\" data-element_type=\"container\">\n\t\t\t\t\t<div class=\"e-con-inner\">\n\t\t\t\t<div class=\"elementor-element elementor-element-e684753 elementor-widget elementor-widget-spacer\" data-id=\"e684753\" data-element_type=\"widget\" data-widget_type=\"spacer.default\">\n\t\t\t\t<div class=\"elementor-widget-container\">\n\t\t\t\t\t<div class=\"elementor-spacer\">\n\t\t\t<div class=\"elementor-spacer-inner\"><\/div>\n\t\t<\/div>\n\t\t\t\t<\/div>\n\t\t\t\t<\/div>\n\t\t\t\t\t<\/div>\n\t\t\t\t<\/div>\n\t\t\t\t<\/div>\n\t\t","protected":false},"excerpt":{"rendered":"<p>Abrir Chamado Nome E-mail CPF Tipo de chamado Reativar plano\/Religue Reclama\u00e7\u00e3o Reportar falha Sugest\u00e3o\/Elogio Descri\u00e7\u00e3o Enviar loading&#8230; Ok<\/p>\n","protected":false},"author":1,"featured_media":0,"parent":0,"menu_order":0,"comment_status":"closed","ping_status":"closed","template":"page-templates\/template-pagebuilder-full-width.php","meta":{"neve_meta_sidebar":"","neve_meta_container":"","neve_meta_enable_content_width":"","neve_meta_content_width":0,"neve_meta_title_alignment":"","neve_meta_author_avatar":"","neve_post_elements_order":"","neve_meta_disable_header":"","neve_meta_disable_footer":"","neve_meta_disable_title":"","footnotes":""},"class_list":["post-550","page","type-page","status-publish","hentry"],"_links":{"self":[{"href":"https:\/\/desenvolverd.com.br\/telbe\/wp-json\/wp\/v2\/pages\/550","targetHints":{"allow":["GET"]}}],"collection":[{"href":"https:\/\/desenvolverd.com.br\/telbe\/wp-json\/wp\/v2\/pages"}],"about":[{"href":"https:\/\/desenvolverd.com.br\/telbe\/wp-json\/wp\/v2\/types\/page"}],"author":[{"embeddable":true,"href":"https:\/\/desenvolverd.com.br\/telbe\/wp-json\/wp\/v2\/users\/1"}],"replies":[{"embeddable":true,"href":"https:\/\/desenvolverd.com.br\/telbe\/wp-json\/wp\/v2\/comments?post=550"}],"version-history":[{"count":37,"href":"https:\/\/desenvolverd.com.br\/telbe\/wp-json\/wp\/v2\/pages\/550\/revisions"}],"predecessor-version":[{"id":750,"href":"https:\/\/desenvolverd.com.br\/telbe\/wp-json\/wp\/v2\/pages\/550\/revisions\/750"}],"wp:attachment":[{"href":"https:\/\/desenvolverd.com.br\/telbe\/wp-json\/wp\/v2\/media?parent=550"}],"curies":[{"name":"wp","href":"https:\/\/api.w.org\/{rel}","templated":true}]}}