{"id":24,"date":"2024-05-13T22:03:35","date_gmt":"2024-05-14T01:03:35","guid":{"rendered":"https:\/\/desenvolverd.com.br\/telbe\/?page_id=24"},"modified":"2024-06-24T00:55:21","modified_gmt":"2024-06-24T03:55:21","slug":"internet-para-condominios","status":"publish","type":"page","link":"https:\/\/desenvolverd.com.br\/telbe\/internet-para-condominios\/","title":{"rendered":"Para Condom\u00ednios"},"content":{"rendered":"\t\t<div data-elementor-type=\"wp-page\" data-elementor-id=\"24\" class=\"elementor elementor-24\" data-elementor-post-type=\"page\">\n\t\t\t\t<div data-particle_enable=\"false\" data-particle-mobile-disabled=\"false\" class=\"has_ae_slider elementor-element elementor-element-d46dde8 e-con-full e-flex ae-bg-gallery-type-default e-con e-parent\" data-id=\"d46dde8\" data-element_type=\"container\">\n\t\t\t\t<div class=\"elementor-element elementor-element-cbb5374 elementor--h-position-center elementor--v-position-middle elementor-arrows-position-inside elementor-pagination-position-inside elementor-widget elementor-widget-slides\" data-id=\"cbb5374\" data-element_type=\"widget\" data-settings=\"{&quot;navigation&quot;:&quot;both&quot;,&quot;autoplay&quot;:&quot;yes&quot;,&quot;pause_on_hover&quot;:&quot;yes&quot;,&quot;pause_on_interaction&quot;:&quot;yes&quot;,&quot;autoplay_speed&quot;:5000,&quot;infinite&quot;:&quot;yes&quot;,&quot;transition&quot;:&quot;slide&quot;,&quot;transition_speed&quot;:500}\" data-widget_type=\"slides.default\">\n\t\t\t\t<div class=\"elementor-widget-container\">\n\t\t\t<style>\/*! elementor-pro - v3.21.0 - 30-04-2024 *\/\n.elementor-slides .swiper-slide-bg{background-size:cover;background-position:50%;background-repeat:no-repeat;min-width:100%;min-height:100%}.elementor-slides .swiper-slide-inner{background-repeat:no-repeat;background-position:50%;position:absolute;top:0;left:0;bottom:0;right:0;padding:50px;margin:auto}.elementor-slides .swiper-slide-inner,.elementor-slides .swiper-slide-inner:hover{color:#fff;display:flex}.elementor-slides .swiper-slide-inner .elementor-background-overlay{position:absolute;z-index:0;top:0;bottom:0;left:0;right:0}.elementor-slides .swiper-slide-inner .elementor-slide-content{position:relative;z-index:1;width:100%}.elementor-slides .swiper-slide-inner .elementor-slide-heading{font-size:35px;font-weight:700;line-height:1}.elementor-slides .swiper-slide-inner .elementor-slide-description{font-size:17px;line-height:1.4}.elementor-slides .swiper-slide-inner .elementor-slide-description:not(:last-child),.elementor-slides .swiper-slide-inner .elementor-slide-heading:not(:last-child){margin-bottom:30px}.elementor-slides .swiper-slide-inner .elementor-slide-button{border:2px solid #fff;color:#fff;background:transparent;display:inline-block}.elementor-slides .swiper-slide-inner .elementor-slide-button,.elementor-slides .swiper-slide-inner .elementor-slide-button:hover{background:transparent;color:inherit;text-decoration:none}.elementor--v-position-top .swiper-slide-inner{align-items:flex-start}.elementor--v-position-bottom .swiper-slide-inner{align-items:flex-end}.elementor--v-position-middle .swiper-slide-inner{align-items:center}.elementor--h-position-left .swiper-slide-inner{justify-content:flex-start}.elementor--h-position-right .swiper-slide-inner{justify-content:flex-end}.elementor--h-position-center .swiper-slide-inner{justify-content:center}body.rtl .elementor-widget-slides .elementor-swiper-button-next{left:10px;right:auto}body.rtl .elementor-widget-slides .elementor-swiper-button-prev{right:10px;left:auto}.elementor-slides-wrapper div:not(.swiper-slide)>.swiper-slide-inner{display:none}@media (max-width:767px){.elementor-slides .swiper-slide-inner{padding:30px}.elementor-slides .swiper-slide-inner .elementor-slide-heading{font-size:23px;line-height:1;margin-bottom:15px}.elementor-slides .swiper-slide-inner .elementor-slide-description{font-size:13px;line-height:1.4;margin-bottom:15px}}<\/style>\t\t<div class=\"elementor-swiper\">\n\t\t\t<div class=\"elementor-slides-wrapper elementor-main-swiper swiper\" dir=\"ltr\" data-animation=\"fadeInUp\">\n\t\t\t\t<div class=\"swiper-wrapper elementor-slides\">\n\t\t\t\t\t\t\t\t\t\t<div class=\"elementor-repeater-item-dd58752 swiper-slide\"><div class=\"swiper-slide-bg\" role=\"img\"><\/div><div class=\"elementor-background-overlay\"><\/div><a class=\"swiper-slide-inner\" href=\"http:\/\/wa.me\/19991395610\" target=\"_blank\"><div class=\"swiper-slide-contents\"><div class=\"elementor-slide-heading\">Para Condom\u00ednios<\/div><div class=\"elementor-slide-description\">Banda larga de alto desempenho para todos os moradores. Garantindo a infraestrutura tecnol\u00f3gica a um custo acess\u00edvel.<\/div><div  class=\"elementor-button elementor-slide-button elementor-size-sm\">CONTRATE AGORA<\/div><\/div><\/a><\/div>\t\t\t\t<\/div>\n\t\t\t\t\t\t\t<\/div>\n\t\t<\/div>\n\t\t\t\t<\/div>\n\t\t\t\t<\/div>\n\t\t\t\t<\/div>\n\t\t<div data-particle_enable=\"false\" data-particle-mobile-disabled=\"false\" class=\"has_ae_slider elementor-element elementor-element-eca42ed e-flex e-con-boxed ae-bg-gallery-type-default e-con e-parent\" data-id=\"eca42ed\" data-element_type=\"container\" data-settings=\"{&quot;background_background&quot;:&quot;classic&quot;}\">\n\t\t\t\t\t<div class=\"e-con-inner\">\n\t\t\t\t<div class=\"elementor-element elementor-element-ee35ecb elementor-widget elementor-widget-spacer\" data-id=\"ee35ecb\" data-element_type=\"widget\" data-widget_type=\"spacer.default\">\n\t\t\t\t<div class=\"elementor-widget-container\">\n\t\t\t<style>\/*! elementor - v3.21.0 - 08-05-2024 *\/\n.elementor-column .elementor-spacer-inner{height:var(--spacer-size)}.e-con{--container-widget-width:100%}.e-con-inner>.elementor-widget-spacer,.e-con>.elementor-widget-spacer{width:var(--container-widget-width,var(--spacer-size));--align-self:var(--container-widget-align-self,initial);--flex-shrink:0}.e-con-inner>.elementor-widget-spacer>.elementor-widget-container,.e-con>.elementor-widget-spacer>.elementor-widget-container{height:100%;width:100%}.e-con-inner>.elementor-widget-spacer>.elementor-widget-container>.elementor-spacer,.e-con>.elementor-widget-spacer>.elementor-widget-container>.elementor-spacer{height:100%}.e-con-inner>.elementor-widget-spacer>.elementor-widget-container>.elementor-spacer>.elementor-spacer-inner,.e-con>.elementor-widget-spacer>.elementor-widget-container>.elementor-spacer>.elementor-spacer-inner{height:var(--container-widget-height,var(--spacer-size))}.e-con-inner>.elementor-widget-spacer.elementor-widget-empty,.e-con>.elementor-widget-spacer.elementor-widget-empty{position:relative;min-height:22px;min-width:22px}.e-con-inner>.elementor-widget-spacer.elementor-widget-empty .elementor-widget-empty-icon,.e-con>.elementor-widget-spacer.elementor-widget-empty .elementor-widget-empty-icon{position:absolute;top:0;bottom:0;left:0;right:0;margin:auto;padding:0;width:22px;height:22px}<\/style>\t\t<div class=\"elementor-spacer\">\n\t\t\t<div class=\"elementor-spacer-inner\"><\/div>\n\t\t<\/div>\n\t\t\t\t<\/div>\n\t\t\t\t<\/div>\n\t\t\t\t<div class=\"elementor-element elementor-element-b613336 elementor-widget elementor-widget-heading\" data-id=\"b613336\" data-element_type=\"widget\" data-widget_type=\"heading.default\">\n\t\t\t\t<div class=\"elementor-widget-container\">\n\t\t\t<style>\/*! elementor - v3.21.0 - 08-05-2024 *\/\n.elementor-heading-title{padding:0;margin:0;line-height:1}.elementor-widget-heading .elementor-heading-title[class*=elementor-size-]>a{color:inherit;font-size:inherit;line-height:inherit}.elementor-widget-heading .elementor-heading-title.elementor-size-small{font-size:15px}.elementor-widget-heading .elementor-heading-title.elementor-size-medium{font-size:19px}.elementor-widget-heading .elementor-heading-title.elementor-size-large{font-size:29px}.elementor-widget-heading .elementor-heading-title.elementor-size-xl{font-size:39px}.elementor-widget-heading .elementor-heading-title.elementor-size-xxl{font-size:59px}<\/style><h2 class=\"elementor-heading-title elementor-size-default\">Condi\u00e7\u00f5es especiais para condom\u00ednio.<\/h2>\t\t<\/div>\n\t\t\t\t<\/div>\n\t\t<div data-particle_enable=\"false\" data-particle-mobile-disabled=\"false\" class=\"has_ae_slider elementor-element elementor-element-cf084dc e-flex e-con-boxed ae-bg-gallery-type-default e-con e-child\" data-id=\"cf084dc\" data-element_type=\"container\">\n\t\t\t\t\t<div class=\"e-con-inner\">\n\t\t\t\t<div class=\"elementor-element elementor-element-09277cf elementor-position-top elementor-widget elementor-widget-image-box\" data-id=\"09277cf\" data-element_type=\"widget\" data-widget_type=\"image-box.default\">\n\t\t\t\t<div class=\"elementor-widget-container\">\n\t\t\t<style>\/*! elementor - v3.21.0 - 08-05-2024 *\/\n.elementor-widget-image-box .elementor-image-box-content{width:100%}@media (min-width:768px){.elementor-widget-image-box.elementor-position-left .elementor-image-box-wrapper,.elementor-widget-image-box.elementor-position-right .elementor-image-box-wrapper{display:flex}.elementor-widget-image-box.elementor-position-right .elementor-image-box-wrapper{text-align:end;flex-direction:row-reverse}.elementor-widget-image-box.elementor-position-left .elementor-image-box-wrapper{text-align:start;flex-direction:row}.elementor-widget-image-box.elementor-position-top .elementor-image-box-img{margin:auto}.elementor-widget-image-box.elementor-vertical-align-top .elementor-image-box-wrapper{align-items:flex-start}.elementor-widget-image-box.elementor-vertical-align-middle .elementor-image-box-wrapper{align-items:center}.elementor-widget-image-box.elementor-vertical-align-bottom .elementor-image-box-wrapper{align-items:flex-end}}@media (max-width:767px){.elementor-widget-image-box .elementor-image-box-img{margin-left:auto!important;margin-right:auto!important;margin-bottom:15px}}.elementor-widget-image-box .elementor-image-box-img{display:inline-block}.elementor-widget-image-box .elementor-image-box-title a{color:inherit}.elementor-widget-image-box .elementor-image-box-wrapper{text-align:center}.elementor-widget-image-box .elementor-image-box-description{margin:0}<\/style><div class=\"elementor-image-box-wrapper\"><figure class=\"elementor-image-box-img\"><img fetchpriority=\"high\" decoding=\"async\" width=\"801\" height=\"772\" src=\"https:\/\/desenvolverd.com.br\/telbe\/wp-content\/uploads\/2024\/06\/Asset-32.png\" class=\"attachment-full size-full wp-image-449\" alt=\"\" srcset=\"https:\/\/desenvolverd.com.br\/telbe\/wp-content\/uploads\/2024\/06\/Asset-32.png 801w, https:\/\/desenvolverd.com.br\/telbe\/wp-content\/uploads\/2024\/06\/Asset-32-300x289.png 300w, https:\/\/desenvolverd.com.br\/telbe\/wp-content\/uploads\/2024\/06\/Asset-32-768x740.png 768w\" sizes=\"(max-width: 801px) 100vw, 801px\" \/><\/figure><div class=\"elementor-image-box-content\"><h3 class=\"elementor-image-box-title\">Voip Ilimitado Local<\/h3><p class=\"elementor-image-box-description\">Recebe e fa\u00e7a liga\u00e7\u00f5es de alta qualidade atrav\u00e9s do computador. Facilite o atendimento ao seu cliente.\n\n<\/p><\/div><\/div>\t\t<\/div>\n\t\t\t\t<\/div>\n\t\t\t\t<div class=\"elementor-element elementor-element-593a453 elementor-position-top elementor-widget elementor-widget-image-box\" data-id=\"593a453\" data-element_type=\"widget\" data-widget_type=\"image-box.default\">\n\t\t\t\t<div class=\"elementor-widget-container\">\n\t\t\t<div class=\"elementor-image-box-wrapper\"><figure class=\"elementor-image-box-img\"><img decoding=\"async\" width=\"753\" height=\"603\" src=\"https:\/\/desenvolverd.com.br\/telbe\/wp-content\/uploads\/2024\/06\/Asset-29.png\" class=\"attachment-full size-full wp-image-450\" alt=\"\" srcset=\"https:\/\/desenvolverd.com.br\/telbe\/wp-content\/uploads\/2024\/06\/Asset-29.png 753w, https:\/\/desenvolverd.com.br\/telbe\/wp-content\/uploads\/2024\/06\/Asset-29-300x240.png 300w\" sizes=\"(max-width: 753px) 100vw, 753px\" \/><\/figure><div class=\"elementor-image-box-content\"><h3 class=\"elementor-image-box-title\">Wifi Incluso<\/h3><p class=\"elementor-image-box-description\">Conecta automaticamente os dispositivos dos usu\u00e1rios \u00e0 frequ\u00eancia mais r\u00e1pida, de acordo com a localiza\u00e7\u00e3o dos dispositivos.\n\n\n<\/p><\/div><\/div>\t\t<\/div>\n\t\t\t\t<\/div>\n\t\t\t\t<div class=\"elementor-element elementor-element-dcf57b1 elementor-position-top elementor-widget elementor-widget-image-box\" data-id=\"dcf57b1\" data-element_type=\"widget\" data-widget_type=\"image-box.default\">\n\t\t\t\t<div class=\"elementor-widget-container\">\n\t\t\t<div class=\"elementor-image-box-wrapper\"><figure class=\"elementor-image-box-img\"><img decoding=\"async\" width=\"801\" height=\"656\" src=\"https:\/\/desenvolverd.com.br\/telbe\/wp-content\/uploads\/2024\/06\/Asset-30.png\" class=\"attachment-full size-full wp-image-451\" alt=\"\" srcset=\"https:\/\/desenvolverd.com.br\/telbe\/wp-content\/uploads\/2024\/06\/Asset-30.png 801w, https:\/\/desenvolverd.com.br\/telbe\/wp-content\/uploads\/2024\/06\/Asset-30-300x246.png 300w, https:\/\/desenvolverd.com.br\/telbe\/wp-content\/uploads\/2024\/06\/Asset-30-768x629.png 768w\" sizes=\"(max-width: 801px) 100vw, 801px\" \/><\/figure><div class=\"elementor-image-box-content\"><h3 class=\"elementor-image-box-title\">Bi Tech<\/h3><p class=\"elementor-image-box-description\">N\u00e3o passe mais nervoso com o seu computador. Temos um profissional especializado para te ajudar. Vem para a TelBe e tenha muitos beneficios.\n\n\n\n<\/p><\/div><\/div>\t\t<\/div>\n\t\t\t\t<\/div>\n\t\t\t\t<div class=\"elementor-element elementor-element-4c91d39 elementor-position-top elementor-widget elementor-widget-image-box\" data-id=\"4c91d39\" data-element_type=\"widget\" data-widget_type=\"image-box.default\">\n\t\t\t\t<div class=\"elementor-widget-container\">\n\t\t\t<div class=\"elementor-image-box-wrapper\"><figure class=\"elementor-image-box-img\"><img loading=\"lazy\" decoding=\"async\" width=\"801\" height=\"651\" src=\"https:\/\/desenvolverd.com.br\/telbe\/wp-content\/uploads\/2024\/06\/Asset-28.png\" class=\"attachment-full size-full wp-image-452\" alt=\"\" srcset=\"https:\/\/desenvolverd.com.br\/telbe\/wp-content\/uploads\/2024\/06\/Asset-28.png 801w, https:\/\/desenvolverd.com.br\/telbe\/wp-content\/uploads\/2024\/06\/Asset-28-300x244.png 300w, https:\/\/desenvolverd.com.br\/telbe\/wp-content\/uploads\/2024\/06\/Asset-28-768x624.png 768w\" sizes=\"(max-width: 801px) 100vw, 801px\" \/><\/figure><div class=\"elementor-image-box-content\"><h3 class=\"elementor-image-box-title\">Bi Nuvem<\/h3><p class=\"elementor-image-box-description\">Conecta automaticamente os dispositivos dos usu\u00e1rios \u00e0 frequ\u00eancia mais r\u00e1pida, de acordo com a localiza\u00e7\u00e3o dos dispositivos.\n\n\n\n\n<\/p><\/div><\/div>\t\t<\/div>\n\t\t\t\t<\/div>\n\t\t\t\t<div class=\"elementor-element elementor-element-6aed35f elementor-position-top elementor-widget elementor-widget-image-box\" data-id=\"6aed35f\" data-element_type=\"widget\" data-widget_type=\"image-box.default\">\n\t\t\t\t<div class=\"elementor-widget-container\">\n\t\t\t<div class=\"elementor-image-box-wrapper\"><figure class=\"elementor-image-box-img\"><img decoding=\"async\" width=\"753\" height=\"603\" src=\"https:\/\/desenvolverd.com.br\/telbe\/wp-content\/uploads\/2024\/06\/Asset-29.png\" class=\"attachment-full size-full wp-image-450\" alt=\"\" srcset=\"https:\/\/desenvolverd.com.br\/telbe\/wp-content\/uploads\/2024\/06\/Asset-29.png 753w, https:\/\/desenvolverd.com.br\/telbe\/wp-content\/uploads\/2024\/06\/Asset-29-300x240.png 300w\" sizes=\"(max-width: 753px) 100vw, 753px\" \/><\/figure><div class=\"elementor-image-box-content\"><h3 class=\"elementor-image-box-title\">Bi Mail<\/h3><p class=\"elementor-image-box-description\">Tenha um e-mail exclusivo com espa\u00e7o e estabilidade que voc\u00ea precisa. Receba e envie mensagens com toda seguran\u00e7a. S\u00f3 a TelBe te d\u00e1.\n\n\n\n\n\n<\/p><\/div><\/div>\t\t<\/div>\n\t\t\t\t<\/div>\n\t\t\t\t\t<\/div>\n\t\t\t\t<\/div>\n\t\t\t\t<div class=\"elementor-element elementor-element-a80e391 elementor-widget elementor-widget-spacer\" data-id=\"a80e391\" data-element_type=\"widget\" data-widget_type=\"spacer.default\">\n\t\t\t\t<div class=\"elementor-widget-container\">\n\t\t\t\t\t<div class=\"elementor-spacer\">\n\t\t\t<div class=\"elementor-spacer-inner\"><\/div>\n\t\t<\/div>\n\t\t\t\t<\/div>\n\t\t\t\t<\/div>\n\t\t\t\t\t<\/div>\n\t\t\t\t<\/div>\n\t\t\t\t<\/div>\n\t\t","protected":false},"excerpt":{"rendered":"<p>Para Condom\u00edniosBanda larga de alto desempenho para todos os moradores. Garantindo a infraestrutura tecnol\u00f3gica a um custo acess\u00edvel.CONTRATE AGORA Condi\u00e7\u00f5es especiais para condom\u00ednio. Voip Ilimitado Local Recebe e fa\u00e7a liga\u00e7\u00f5es de alta qualidade atrav\u00e9s do computador. Facilite o atendimento ao seu cliente. Wifi Incluso Conecta automaticamente os dispositivos dos usu\u00e1rios \u00e0 frequ\u00eancia mais r\u00e1pida, de&hellip;&nbsp;<a href=\"https:\/\/desenvolverd.com.br\/telbe\/internet-para-condominios\/\" class=\"\" rel=\"bookmark\">Continue a ler &raquo;<span class=\"screen-reader-text\">Para Condom\u00ednios<\/span><\/a><\/p>\n","protected":false},"author":1,"featured_media":0,"parent":0,"menu_order":0,"comment_status":"closed","ping_status":"closed","template":"page-templates\/template-pagebuilder-full-width.php","meta":{"neve_meta_sidebar":"","neve_meta_container":"","neve_meta_enable_content_width":"","neve_meta_content_width":0,"neve_meta_title_alignment":"","neve_meta_author_avatar":"","neve_post_elements_order":"","neve_meta_disable_header":"","neve_meta_disable_footer":"","neve_meta_disable_title":"","footnotes":""},"class_list":["post-24","page","type-page","status-publish","hentry"],"_links":{"self":[{"href":"https:\/\/desenvolverd.com.br\/telbe\/wp-json\/wp\/v2\/pages\/24","targetHints":{"allow":["GET"]}}],"collection":[{"href":"https:\/\/desenvolverd.com.br\/telbe\/wp-json\/wp\/v2\/pages"}],"about":[{"href":"https:\/\/desenvolverd.com.br\/telbe\/wp-json\/wp\/v2\/types\/page"}],"author":[{"embeddable":true,"href":"https:\/\/desenvolverd.com.br\/telbe\/wp-json\/wp\/v2\/users\/1"}],"replies":[{"embeddable":true,"href":"https:\/\/desenvolverd.com.br\/telbe\/wp-json\/wp\/v2\/comments?post=24"}],"version-history":[{"count":10,"href":"https:\/\/desenvolverd.com.br\/telbe\/wp-json\/wp\/v2\/pages\/24\/revisions"}],"predecessor-version":[{"id":699,"href":"https:\/\/desenvolverd.com.br\/telbe\/wp-json\/wp\/v2\/pages\/24\/revisions\/699"}],"wp:attachment":[{"href":"https:\/\/desenvolverd.com.br\/telbe\/wp-json\/wp\/v2\/media?parent=24"}],"curies":[{"name":"wp","href":"https:\/\/api.w.org\/{rel}","templated":true}]}}