{"id":98,"date":"2024-07-15T23:14:09","date_gmt":"2024-07-16T02:14:09","guid":{"rendered":"https:\/\/desenvolverd.com.br\/oriti\/?page_id=98"},"modified":"2024-07-15T23:17:07","modified_gmt":"2024-07-16T02:17:07","slug":"interferencia-em-solo-2","status":"publish","type":"page","link":"http:\/\/desenvolverd.com.br\/oriti\/interferencia-em-solo-2\/","title":{"rendered":"Mapeamento Concreto"},"content":{"rendered":"\t\t<div data-elementor-type=\"wp-page\" data-elementor-id=\"98\" class=\"elementor elementor-98\" data-elementor-post-type=\"page\">\n\t\t\t\t<div class=\"elementor-element elementor-element-719639f e-flex e-con-boxed e-con e-parent\" data-id=\"719639f\" data-element_type=\"container\" data-settings=\"{&quot;background_background&quot;:&quot;classic&quot;}\">\n\t\t\t\t\t<div class=\"e-con-inner\">\n\t\t\t\t<div class=\"elementor-element elementor-element-b184a67 elementor-widget elementor-widget-heading\" data-id=\"b184a67\" data-element_type=\"widget\" data-widget_type=\"heading.default\">\n\t\t\t\t<div class=\"elementor-widget-container\">\n\t\t\t<style>\/*! elementor - v3.22.0 - 26-06-2024 *\/\n.elementor-heading-title{padding:0;margin:0;line-height:1}.elementor-widget-heading .elementor-heading-title[class*=elementor-size-]>a{color:inherit;font-size:inherit;line-height:inherit}.elementor-widget-heading .elementor-heading-title.elementor-size-small{font-size:15px}.elementor-widget-heading .elementor-heading-title.elementor-size-medium{font-size:19px}.elementor-widget-heading .elementor-heading-title.elementor-size-large{font-size:29px}.elementor-widget-heading .elementor-heading-title.elementor-size-xl{font-size:39px}.elementor-widget-heading .elementor-heading-title.elementor-size-xxl{font-size:59px}<\/style><h2 class=\"elementor-heading-title elementor-size-default\">Mapeamento de Estruturas em Concreto<\/h2>\t\t<\/div>\n\t\t\t\t<\/div>\n\t\t\t\t\t<\/div>\n\t\t\t\t<\/div>\n\t\t<div class=\"elementor-element elementor-element-ccc16ad e-flex e-con-boxed e-con e-parent\" data-id=\"ccc16ad\" data-element_type=\"container\">\n\t\t\t\t\t<div class=\"e-con-inner\">\n\t\t\t\t<div class=\"elementor-element elementor-element-02aa247 elementor-widget elementor-widget-spacer\" data-id=\"02aa247\" data-element_type=\"widget\" data-widget_type=\"spacer.default\">\n\t\t\t\t<div class=\"elementor-widget-container\">\n\t\t\t<style>\/*! elementor - v3.22.0 - 26-06-2024 *\/\n.elementor-column .elementor-spacer-inner{height:var(--spacer-size)}.e-con{--container-widget-width:100%}.e-con-inner>.elementor-widget-spacer,.e-con>.elementor-widget-spacer{width:var(--container-widget-width,var(--spacer-size));--align-self:var(--container-widget-align-self,initial);--flex-shrink:0}.e-con-inner>.elementor-widget-spacer>.elementor-widget-container,.e-con>.elementor-widget-spacer>.elementor-widget-container{height:100%;width:100%}.e-con-inner>.elementor-widget-spacer>.elementor-widget-container>.elementor-spacer,.e-con>.elementor-widget-spacer>.elementor-widget-container>.elementor-spacer{height:100%}.e-con-inner>.elementor-widget-spacer>.elementor-widget-container>.elementor-spacer>.elementor-spacer-inner,.e-con>.elementor-widget-spacer>.elementor-widget-container>.elementor-spacer>.elementor-spacer-inner{height:var(--container-widget-height,var(--spacer-size))}.e-con-inner>.elementor-widget-spacer.elementor-widget-empty,.e-con>.elementor-widget-spacer.elementor-widget-empty{position:relative;min-height:22px;min-width:22px}.e-con-inner>.elementor-widget-spacer.elementor-widget-empty .elementor-widget-empty-icon,.e-con>.elementor-widget-spacer.elementor-widget-empty .elementor-widget-empty-icon{position:absolute;top:0;bottom:0;left:0;right:0;margin:auto;padding:0;width:22px;height:22px}<\/style>\t\t<div class=\"elementor-spacer\">\n\t\t\t<div class=\"elementor-spacer-inner\"><\/div>\n\t\t<\/div>\n\t\t\t\t<\/div>\n\t\t\t\t<\/div>\n\t\t\t\t\t<\/div>\n\t\t\t\t<\/div>\n\t\t<div class=\"elementor-element elementor-element-9c18d9e e-flex e-con-boxed e-con e-parent\" data-id=\"9c18d9e\" data-element_type=\"container\">\n\t\t\t\t\t<div class=\"e-con-inner\">\n\t\t<div class=\"elementor-element elementor-element-64b0892 e-con-full e-flex e-con e-child\" data-id=\"64b0892\" data-element_type=\"container\">\n\t\t\t\t<div class=\"elementor-element elementor-element-83ecc1d elementor-widget elementor-widget-text-editor\" data-id=\"83ecc1d\" data-element_type=\"widget\" data-widget_type=\"text-editor.default\">\n\t\t\t\t<div class=\"elementor-widget-container\">\n\t\t\t<style>\/*! elementor - v3.22.0 - 26-06-2024 *\/\n.elementor-widget-text-editor.elementor-drop-cap-view-stacked .elementor-drop-cap{background-color:#69727d;color:#fff}.elementor-widget-text-editor.elementor-drop-cap-view-framed .elementor-drop-cap{color:#69727d;border:3px solid;background-color:transparent}.elementor-widget-text-editor:not(.elementor-drop-cap-view-default) .elementor-drop-cap{margin-top:8px}.elementor-widget-text-editor:not(.elementor-drop-cap-view-default) .elementor-drop-cap-letter{width:1em;height:1em}.elementor-widget-text-editor .elementor-drop-cap{float:left;text-align:center;line-height:1;font-size:50px}.elementor-widget-text-editor .elementor-drop-cap-letter{display:inline-block}<\/style>\t\t\t\t<p>TIPOS DE MAPEAMENTO<\/p><ul><li>Localiza\u00e7\u00e3o de vazios (bicheiras)<\/li><li>Localiza\u00e7\u00e3o de armaduras<\/li><li>Adquire dados para a reconstru\u00e7\u00e3o das estruturas<\/li><li>Informa\u00e7\u00f5es para viabilizar novos projetos<\/li><li>Realizar inspe\u00e7\u00f5es espessuras de paredes<\/li><\/ul>\t\t\t\t\t\t<\/div>\n\t\t\t\t<\/div>\n\t\t\t\t<\/div>\n\t\t<div class=\"elementor-element elementor-element-802ba63 e-con-full e-flex e-con e-child\" data-id=\"802ba63\" data-element_type=\"container\">\n\t\t\t\t<div class=\"elementor-element elementor-element-2f354c7 elementor-widget elementor-widget-text-editor\" data-id=\"2f354c7\" data-element_type=\"widget\" data-widget_type=\"text-editor.default\">\n\t\t\t\t<div class=\"elementor-widget-container\">\n\t\t\t\t\t\t\t<p>Na engenharia Civil existem varias aplica\u00e7\u00f5es de ensaios tecnol\u00f3gicos para controlar a qualidade do concreto, como compress\u00e3o axial, tra\u00e7\u00e3o simples, tra\u00e7\u00e3o na flex\u00e3o, tra\u00e7\u00e3o por compress\u00e3o diametral, m\u00f3dulo de deforma\u00e7\u00e3o, coeficiente de Poisson, permeabilidade, abras\u00e3o, capacidade de deforma\u00e7\u00e3o&#8230;<\/p><p>Em 2003 foram feitas as primeiras aquisi\u00e7\u00f5es com uma antena GEORADAR de 900 Mhz na estrutura de concreto 50x100x200 m onde estavam v\u00e1rios elementos, tela telcon, tubo de pvc, arma\u00e7\u00e3o, vazios &#8230;. alcan\u00e7ando um resultado de 90 %.<\/p><p>Hoje passados mais de uma d\u00e9cada com equipamentos acima 2.0Ghz \u00e9 uma ferramenta essencial pois sendo um m\u00e9todo n\u00e3o destrutivo e com uma leitura continua e atrav\u00e9s de analise com profissionais qualificados obt\u00e9m-se resultados que agregam dados para uma decis\u00e3o em projetos.<\/p>\t\t\t\t\t\t<\/div>\n\t\t\t\t<\/div>\n\t\t\t\t<\/div>\n\t\t\t\t\t<\/div>\n\t\t\t\t<\/div>\n\t\t<div class=\"elementor-element elementor-element-dd8e63c e-flex e-con-boxed e-con e-parent\" data-id=\"dd8e63c\" data-element_type=\"container\">\n\t\t\t\t\t<div class=\"e-con-inner\">\n\t\t\t\t<div class=\"elementor-element elementor-element-ae62ecd elementor-widget elementor-widget-spacer\" data-id=\"ae62ecd\" data-element_type=\"widget\" data-widget_type=\"spacer.default\">\n\t\t\t\t<div class=\"elementor-widget-container\">\n\t\t\t\t\t<div class=\"elementor-spacer\">\n\t\t\t<div class=\"elementor-spacer-inner\"><\/div>\n\t\t<\/div>\n\t\t\t\t<\/div>\n\t\t\t\t<\/div>\n\t\t\t\t\t<\/div>\n\t\t\t\t<\/div>\n\t\t<div class=\"elementor-element elementor-element-9c4b4c4 e-flex e-con-boxed e-con e-parent\" data-id=\"9c4b4c4\" data-element_type=\"container\">\n\t\t\t\t\t<div class=\"e-con-inner\">\n\t\t\t\t<div class=\"elementor-element elementor-element-a2fd53c elementor-widget elementor-widget-image\" data-id=\"a2fd53c\" data-element_type=\"widget\" data-widget_type=\"image.default\">\n\t\t\t\t<div class=\"elementor-widget-container\">\n\t\t\t<style>\/*! elementor - v3.22.0 - 26-06-2024 *\/\n.elementor-widget-image{text-align:center}.elementor-widget-image a{display:inline-block}.elementor-widget-image a img[src$=\".svg\"]{width:48px}.elementor-widget-image img{vertical-align:middle;display:inline-block}<\/style>\t\t\t\t\t\t\t\t\t\t<img fetchpriority=\"high\" decoding=\"async\" width=\"627\" height=\"788\" src=\"http:\/\/desenvolverd.com.br\/oriti\/wp-content\/uploads\/2024\/07\/62155b25e4e72e708e1e1600_Imagem4.png\" class=\"attachment-large size-large wp-image-101\" alt=\"\" srcset=\"http:\/\/desenvolverd.com.br\/oriti\/wp-content\/uploads\/2024\/07\/62155b25e4e72e708e1e1600_Imagem4.png 627w, http:\/\/desenvolverd.com.br\/oriti\/wp-content\/uploads\/2024\/07\/62155b25e4e72e708e1e1600_Imagem4-239x300.png 239w\" sizes=\"(max-width: 627px) 100vw, 627px\" \/>\t\t\t\t\t\t\t\t\t\t\t\t\t<\/div>\n\t\t\t\t<\/div>\n\t\t\t\t<div class=\"elementor-element elementor-element-01aa720 elementor-widget elementor-widget-image\" data-id=\"01aa720\" data-element_type=\"widget\" data-widget_type=\"image.default\">\n\t\t\t\t<div class=\"elementor-widget-container\">\n\t\t\t\t\t\t\t\t\t\t\t\t\t<img decoding=\"async\" width=\"600\" height=\"362\" src=\"http:\/\/desenvolverd.com.br\/oriti\/wp-content\/uploads\/2024\/07\/62155b41e8fd5d80b5d3d634_Imagem5.png\" class=\"attachment-large size-large wp-image-102\" alt=\"\" srcset=\"http:\/\/desenvolverd.com.br\/oriti\/wp-content\/uploads\/2024\/07\/62155b41e8fd5d80b5d3d634_Imagem5.png 600w, http:\/\/desenvolverd.com.br\/oriti\/wp-content\/uploads\/2024\/07\/62155b41e8fd5d80b5d3d634_Imagem5-300x181.png 300w\" sizes=\"(max-width: 600px) 100vw, 600px\" \/>\t\t\t\t\t\t\t\t\t\t\t\t\t<\/div>\n\t\t\t\t<\/div>\n\t\t\t\t\t<\/div>\n\t\t\t\t<\/div>\n\t\t\t\t<\/div>\n\t\t","protected":false},"excerpt":{"rendered":"<p>Mapeamento de Estruturas em Concreto TIPOS DE MAPEAMENTO Localiza\u00e7\u00e3o de vazios (bicheiras) Localiza\u00e7\u00e3o de armaduras Adquire dados para a reconstru\u00e7\u00e3o das estruturas Informa\u00e7\u00f5es para viabilizar novos projetos Realizar inspe\u00e7\u00f5es espessuras de paredes Na engenharia Civil existem varias aplica\u00e7\u00f5es de ensaios tecnol\u00f3gicos para controlar a qualidade do concreto, como compress\u00e3o axial, tra\u00e7\u00e3o simples, tra\u00e7\u00e3o na flex\u00e3o,&hellip;&nbsp;<a href=\"http:\/\/desenvolverd.com.br\/oriti\/interferencia-em-solo-2\/\" class=\"\" rel=\"bookmark\">Continue a ler &raquo;<span class=\"screen-reader-text\">Mapeamento Concreto<\/span><\/a><\/p>\n","protected":false},"author":1,"featured_media":0,"parent":0,"menu_order":0,"comment_status":"closed","ping_status":"closed","template":"page-templates\/template-pagebuilder-full-width.php","meta":{"neve_meta_sidebar":"","neve_meta_container":"","neve_meta_enable_content_width":"","neve_meta_content_width":0,"neve_meta_title_alignment":"","neve_meta_author_avatar":"","neve_post_elements_order":"","neve_meta_disable_header":"","neve_meta_disable_footer":"","neve_meta_disable_title":"","footnotes":""},"class_list":["post-98","page","type-page","status-publish","hentry"],"_links":{"self":[{"href":"http:\/\/desenvolverd.com.br\/oriti\/wp-json\/wp\/v2\/pages\/98","targetHints":{"allow":["GET"]}}],"collection":[{"href":"http:\/\/desenvolverd.com.br\/oriti\/wp-json\/wp\/v2\/pages"}],"about":[{"href":"http:\/\/desenvolverd.com.br\/oriti\/wp-json\/wp\/v2\/types\/page"}],"author":[{"embeddable":true,"href":"http:\/\/desenvolverd.com.br\/oriti\/wp-json\/wp\/v2\/users\/1"}],"replies":[{"embeddable":true,"href":"http:\/\/desenvolverd.com.br\/oriti\/wp-json\/wp\/v2\/comments?post=98"}],"version-history":[{"count":4,"href":"http:\/\/desenvolverd.com.br\/oriti\/wp-json\/wp\/v2\/pages\/98\/revisions"}],"predecessor-version":[{"id":105,"href":"http:\/\/desenvolverd.com.br\/oriti\/wp-json\/wp\/v2\/pages\/98\/revisions\/105"}],"wp:attachment":[{"href":"http:\/\/desenvolverd.com.br\/oriti\/wp-json\/wp\/v2\/media?parent=98"}],"curies":[{"name":"wp","href":"https:\/\/api.w.org\/{rel}","templated":true}]}}