{"id":70,"date":"2024-07-15T22:45:15","date_gmt":"2024-07-16T01:45:15","guid":{"rendered":"https:\/\/desenvolverd.com.br\/oriti\/?page_id=70"},"modified":"2024-07-15T23:01:00","modified_gmt":"2024-07-16T02:01:00","slug":"interferencia-em-solo","status":"publish","type":"page","link":"http:\/\/desenvolverd.com.br\/oriti\/interferencia-em-solo\/","title":{"rendered":"Interferencia em solo"},"content":{"rendered":"\t\t<div data-elementor-type=\"wp-page\" data-elementor-id=\"70\" class=\"elementor elementor-70\" data-elementor-post-type=\"page\">\n\t\t\t\t<div class=\"elementor-element elementor-element-719639f e-flex e-con-boxed e-con e-parent\" data-id=\"719639f\" data-element_type=\"container\" data-settings=\"{&quot;background_background&quot;:&quot;classic&quot;}\">\n\t\t\t\t\t<div class=\"e-con-inner\">\n\t\t\t\t<div class=\"elementor-element elementor-element-b184a67 elementor-widget elementor-widget-heading\" data-id=\"b184a67\" data-element_type=\"widget\" data-widget_type=\"heading.default\">\n\t\t\t\t<div class=\"elementor-widget-container\">\n\t\t\t<style>\/*! elementor - v3.22.0 - 26-06-2024 *\/\n.elementor-heading-title{padding:0;margin:0;line-height:1}.elementor-widget-heading .elementor-heading-title[class*=elementor-size-]>a{color:inherit;font-size:inherit;line-height:inherit}.elementor-widget-heading .elementor-heading-title.elementor-size-small{font-size:15px}.elementor-widget-heading .elementor-heading-title.elementor-size-medium{font-size:19px}.elementor-widget-heading .elementor-heading-title.elementor-size-large{font-size:29px}.elementor-widget-heading .elementor-heading-title.elementor-size-xl{font-size:39px}.elementor-widget-heading .elementor-heading-title.elementor-size-xxl{font-size:59px}<\/style><h2 class=\"elementor-heading-title elementor-size-default\">Mapeamento de Interfer\u00eancia em subsolo<\/h2>\t\t<\/div>\n\t\t\t\t<\/div>\n\t\t\t\t\t<\/div>\n\t\t\t\t<\/div>\n\t\t<div class=\"elementor-element elementor-element-ccc16ad e-flex e-con-boxed e-con e-parent\" data-id=\"ccc16ad\" data-element_type=\"container\">\n\t\t\t\t\t<div class=\"e-con-inner\">\n\t\t\t\t<div class=\"elementor-element elementor-element-02aa247 elementor-widget elementor-widget-spacer\" data-id=\"02aa247\" data-element_type=\"widget\" data-widget_type=\"spacer.default\">\n\t\t\t\t<div class=\"elementor-widget-container\">\n\t\t\t<style>\/*! elementor - v3.22.0 - 26-06-2024 *\/\n.elementor-column .elementor-spacer-inner{height:var(--spacer-size)}.e-con{--container-widget-width:100%}.e-con-inner>.elementor-widget-spacer,.e-con>.elementor-widget-spacer{width:var(--container-widget-width,var(--spacer-size));--align-self:var(--container-widget-align-self,initial);--flex-shrink:0}.e-con-inner>.elementor-widget-spacer>.elementor-widget-container,.e-con>.elementor-widget-spacer>.elementor-widget-container{height:100%;width:100%}.e-con-inner>.elementor-widget-spacer>.elementor-widget-container>.elementor-spacer,.e-con>.elementor-widget-spacer>.elementor-widget-container>.elementor-spacer{height:100%}.e-con-inner>.elementor-widget-spacer>.elementor-widget-container>.elementor-spacer>.elementor-spacer-inner,.e-con>.elementor-widget-spacer>.elementor-widget-container>.elementor-spacer>.elementor-spacer-inner{height:var(--container-widget-height,var(--spacer-size))}.e-con-inner>.elementor-widget-spacer.elementor-widget-empty,.e-con>.elementor-widget-spacer.elementor-widget-empty{position:relative;min-height:22px;min-width:22px}.e-con-inner>.elementor-widget-spacer.elementor-widget-empty .elementor-widget-empty-icon,.e-con>.elementor-widget-spacer.elementor-widget-empty .elementor-widget-empty-icon{position:absolute;top:0;bottom:0;left:0;right:0;margin:auto;padding:0;width:22px;height:22px}<\/style>\t\t<div class=\"elementor-spacer\">\n\t\t\t<div class=\"elementor-spacer-inner\"><\/div>\n\t\t<\/div>\n\t\t\t\t<\/div>\n\t\t\t\t<\/div>\n\t\t\t\t\t<\/div>\n\t\t\t\t<\/div>\n\t\t<div class=\"elementor-element elementor-element-9c18d9e e-flex e-con-boxed e-con e-parent\" data-id=\"9c18d9e\" data-element_type=\"container\">\n\t\t\t\t\t<div class=\"e-con-inner\">\n\t\t<div class=\"elementor-element elementor-element-64b0892 e-con-full e-flex e-con e-child\" data-id=\"64b0892\" data-element_type=\"container\">\n\t\t\t\t<div class=\"elementor-element elementor-element-83ecc1d elementor-widget elementor-widget-text-editor\" data-id=\"83ecc1d\" data-element_type=\"widget\" data-widget_type=\"text-editor.default\">\n\t\t\t\t<div class=\"elementor-widget-container\">\n\t\t\t<style>\/*! elementor - v3.22.0 - 26-06-2024 *\/\n.elementor-widget-text-editor.elementor-drop-cap-view-stacked .elementor-drop-cap{background-color:#69727d;color:#fff}.elementor-widget-text-editor.elementor-drop-cap-view-framed .elementor-drop-cap{color:#69727d;border:3px solid;background-color:transparent}.elementor-widget-text-editor:not(.elementor-drop-cap-view-default) .elementor-drop-cap{margin-top:8px}.elementor-widget-text-editor:not(.elementor-drop-cap-view-default) .elementor-drop-cap-letter{width:1em;height:1em}.elementor-widget-text-editor .elementor-drop-cap{float:left;text-align:center;line-height:1;font-size:50px}.elementor-widget-text-editor .elementor-drop-cap-letter{display:inline-block}<\/style>\t\t\t\t<p>TIPOS DE MAPEAMENTO<\/p><ul><li>Localiza\u00e7\u00e3o de tubos (pl\u00e1stico, metal, cimento)<\/li><li>Localiza\u00e7\u00e3o de cavidades e estruturas enterradas<\/li><li>Aquisi\u00e7\u00e3o de dados para reconstru\u00e7\u00e3o de infra-estruturas<\/li><li>Informa\u00e7\u00f5es para a proje\u00e7\u00e3o de novas instala\u00e7\u00f5es<\/li><li>Inspe\u00e7\u00e3o n\u00e3o-evasiva de tubula\u00e7\u00f5es cadastradas<\/li><\/ul>\t\t\t\t\t\t<\/div>\n\t\t\t\t<\/div>\n\t\t\t\t<\/div>\n\t\t<div class=\"elementor-element elementor-element-802ba63 e-con-full e-flex e-con e-child\" data-id=\"802ba63\" data-element_type=\"container\">\n\t\t\t\t<div class=\"elementor-element elementor-element-2f354c7 elementor-widget elementor-widget-text-editor\" data-id=\"2f354c7\" data-element_type=\"widget\" data-widget_type=\"text-editor.default\">\n\t\t\t\t<div class=\"elementor-widget-container\">\n\t\t\t\t\t\t\t<p>Para investiga\u00e7\u00f5es indiretas do subsolo, vem aprimorando os resultados desde 2001 com o uso de tecnologia de ponta por m\u00e9todos geof\u00edsicos.<\/p><p>Essas ferramentas aplicadas aos levantamentos tornam-se cada vez mais importantes em processos investigativos, pois possibilitam detectar aspectos de sub-superf\u00edcie de forma objetiva, como estruturas, tancagens, tubula\u00e7\u00f5es e contamina\u00e7\u00f5es em solo.<\/p><p>Desta forma, nossa metodologia permite a realiza\u00e7\u00e3o de sondagens investigativas diretas orientadas e, consequentemente, diagn\u00f3sticos precisos.<\/p>\t\t\t\t\t\t<\/div>\n\t\t\t\t<\/div>\n\t\t\t\t<\/div>\n\t\t\t\t\t<\/div>\n\t\t\t\t<\/div>\n\t\t<div class=\"elementor-element elementor-element-dd8e63c e-flex e-con-boxed e-con e-parent\" data-id=\"dd8e63c\" data-element_type=\"container\">\n\t\t\t\t\t<div class=\"e-con-inner\">\n\t\t\t\t<div class=\"elementor-element elementor-element-ae62ecd elementor-widget elementor-widget-spacer\" data-id=\"ae62ecd\" data-element_type=\"widget\" data-widget_type=\"spacer.default\">\n\t\t\t\t<div class=\"elementor-widget-container\">\n\t\t\t\t\t<div class=\"elementor-spacer\">\n\t\t\t<div class=\"elementor-spacer-inner\"><\/div>\n\t\t<\/div>\n\t\t\t\t<\/div>\n\t\t\t\t<\/div>\n\t\t\t\t\t<\/div>\n\t\t\t\t<\/div>\n\t\t<div class=\"elementor-element elementor-element-9c4b4c4 e-flex e-con-boxed e-con e-parent\" data-id=\"9c4b4c4\" data-element_type=\"container\">\n\t\t\t\t\t<div class=\"e-con-inner\">\n\t\t\t\t<div class=\"elementor-element elementor-element-a2fd53c elementor-widget elementor-widget-image\" data-id=\"a2fd53c\" data-element_type=\"widget\" data-widget_type=\"image.default\">\n\t\t\t\t<div class=\"elementor-widget-container\">\n\t\t\t<style>\/*! elementor - v3.22.0 - 26-06-2024 *\/\n.elementor-widget-image{text-align:center}.elementor-widget-image a{display:inline-block}.elementor-widget-image a img[src$=\".svg\"]{width:48px}.elementor-widget-image img{vertical-align:middle;display:inline-block}<\/style>\t\t\t\t\t\t\t\t\t\t<img fetchpriority=\"high\" decoding=\"async\" width=\"855\" height=\"603\" src=\"http:\/\/desenvolverd.com.br\/oriti\/wp-content\/uploads\/2024\/07\/6212bcd50e6c1b3f23a50fa8_fabrica.png\" class=\"attachment-large size-large wp-image-89\" alt=\"\" srcset=\"http:\/\/desenvolverd.com.br\/oriti\/wp-content\/uploads\/2024\/07\/6212bcd50e6c1b3f23a50fa8_fabrica.png 855w, http:\/\/desenvolverd.com.br\/oriti\/wp-content\/uploads\/2024\/07\/6212bcd50e6c1b3f23a50fa8_fabrica-300x212.png 300w, http:\/\/desenvolverd.com.br\/oriti\/wp-content\/uploads\/2024\/07\/6212bcd50e6c1b3f23a50fa8_fabrica-768x542.png 768w\" sizes=\"(max-width: 855px) 100vw, 855px\" \/>\t\t\t\t\t\t\t\t\t\t\t\t\t<\/div>\n\t\t\t\t<\/div>\n\t\t\t\t<div class=\"elementor-element elementor-element-01aa720 elementor-widget elementor-widget-image\" data-id=\"01aa720\" data-element_type=\"widget\" data-widget_type=\"image.default\">\n\t\t\t\t<div class=\"elementor-widget-container\">\n\t\t\t\t\t\t\t\t\t\t\t\t\t<img decoding=\"async\" width=\"639\" height=\"627\" src=\"http:\/\/desenvolverd.com.br\/oriti\/wp-content\/uploads\/2024\/07\/62154ea8f2df77e17b96be4d_Picture3.png\" class=\"attachment-large size-large wp-image-90\" alt=\"\" srcset=\"http:\/\/desenvolverd.com.br\/oriti\/wp-content\/uploads\/2024\/07\/62154ea8f2df77e17b96be4d_Picture3.png 639w, http:\/\/desenvolverd.com.br\/oriti\/wp-content\/uploads\/2024\/07\/62154ea8f2df77e17b96be4d_Picture3-300x294.png 300w\" sizes=\"(max-width: 639px) 100vw, 639px\" \/>\t\t\t\t\t\t\t\t\t\t\t\t\t<\/div>\n\t\t\t\t<\/div>\n\t\t\t\t<div class=\"elementor-element elementor-element-8d92a90 elementor-widget elementor-widget-image\" data-id=\"8d92a90\" data-element_type=\"widget\" data-widget_type=\"image.default\">\n\t\t\t\t<div class=\"elementor-widget-container\">\n\t\t\t\t\t\t\t\t\t\t\t\t\t<img decoding=\"async\" width=\"702\" height=\"627\" src=\"http:\/\/desenvolverd.com.br\/oriti\/wp-content\/uploads\/2024\/07\/62154ea8f299f2c1e5522c09_Picture2.png\" class=\"attachment-large size-large wp-image-91\" alt=\"\" srcset=\"http:\/\/desenvolverd.com.br\/oriti\/wp-content\/uploads\/2024\/07\/62154ea8f299f2c1e5522c09_Picture2.png 702w, http:\/\/desenvolverd.com.br\/oriti\/wp-content\/uploads\/2024\/07\/62154ea8f299f2c1e5522c09_Picture2-300x268.png 300w\" sizes=\"(max-width: 702px) 100vw, 702px\" \/>\t\t\t\t\t\t\t\t\t\t\t\t\t<\/div>\n\t\t\t\t<\/div>\n\t\t\t\t\t<\/div>\n\t\t\t\t<\/div>\n\t\t\t\t<\/div>\n\t\t","protected":false},"excerpt":{"rendered":"<p>Mapeamento de Interfer\u00eancia em subsolo TIPOS DE MAPEAMENTO Localiza\u00e7\u00e3o de tubos (pl\u00e1stico, metal, cimento) Localiza\u00e7\u00e3o de cavidades e estruturas enterradas Aquisi\u00e7\u00e3o de dados para reconstru\u00e7\u00e3o de infra-estruturas Informa\u00e7\u00f5es para a proje\u00e7\u00e3o de novas instala\u00e7\u00f5es Inspe\u00e7\u00e3o n\u00e3o-evasiva de tubula\u00e7\u00f5es cadastradas Para investiga\u00e7\u00f5es indiretas do subsolo, vem aprimorando os resultados desde 2001 com o uso de tecnologia&hellip;&nbsp;<a href=\"http:\/\/desenvolverd.com.br\/oriti\/interferencia-em-solo\/\" class=\"\" rel=\"bookmark\">Continue a ler &raquo;<span class=\"screen-reader-text\">Interferencia em solo<\/span><\/a><\/p>\n","protected":false},"author":1,"featured_media":0,"parent":0,"menu_order":0,"comment_status":"closed","ping_status":"closed","template":"page-templates\/template-pagebuilder-full-width.php","meta":{"neve_meta_sidebar":"","neve_meta_container":"","neve_meta_enable_content_width":"","neve_meta_content_width":0,"neve_meta_title_alignment":"","neve_meta_author_avatar":"","neve_post_elements_order":"","neve_meta_disable_header":"","neve_meta_disable_footer":"","neve_meta_disable_title":"","footnotes":""},"class_list":["post-70","page","type-page","status-publish","hentry"],"_links":{"self":[{"href":"http:\/\/desenvolverd.com.br\/oriti\/wp-json\/wp\/v2\/pages\/70","targetHints":{"allow":["GET"]}}],"collection":[{"href":"http:\/\/desenvolverd.com.br\/oriti\/wp-json\/wp\/v2\/pages"}],"about":[{"href":"http:\/\/desenvolverd.com.br\/oriti\/wp-json\/wp\/v2\/types\/page"}],"author":[{"embeddable":true,"href":"http:\/\/desenvolverd.com.br\/oriti\/wp-json\/wp\/v2\/users\/1"}],"replies":[{"embeddable":true,"href":"http:\/\/desenvolverd.com.br\/oriti\/wp-json\/wp\/v2\/comments?post=70"}],"version-history":[{"count":22,"href":"http:\/\/desenvolverd.com.br\/oriti\/wp-json\/wp\/v2\/pages\/70\/revisions"}],"predecessor-version":[{"id":97,"href":"http:\/\/desenvolverd.com.br\/oriti\/wp-json\/wp\/v2\/pages\/70\/revisions\/97"}],"wp:attachment":[{"href":"http:\/\/desenvolverd.com.br\/oriti\/wp-json\/wp\/v2\/media?parent=70"}],"curies":[{"name":"wp","href":"https:\/\/api.w.org\/{rel}","templated":true}]}}