{"id":115,"date":"2024-07-15T23:21:49","date_gmt":"2024-07-16T02:21:49","guid":{"rendered":"https:\/\/desenvolverd.com.br\/oriti\/?page_id=115"},"modified":"2024-07-15T23:25:12","modified_gmt":"2024-07-16T02:25:12","slug":"interferencia-em-solo-2-2-2","status":"publish","type":"page","link":"http:\/\/desenvolverd.com.br\/oriti\/interferencia-em-solo-2-2-2\/","title":{"rendered":"Mapeamento Rodovias"},"content":{"rendered":"\t\t<div data-elementor-type=\"wp-page\" data-elementor-id=\"115\" class=\"elementor elementor-115\" data-elementor-post-type=\"page\">\n\t\t\t\t<div class=\"elementor-element elementor-element-719639f e-flex e-con-boxed e-con e-parent\" data-id=\"719639f\" data-element_type=\"container\" data-settings=\"{&quot;background_background&quot;:&quot;classic&quot;}\">\n\t\t\t\t\t<div class=\"e-con-inner\">\n\t\t\t\t<div class=\"elementor-element elementor-element-b184a67 elementor-widget elementor-widget-heading\" data-id=\"b184a67\" data-element_type=\"widget\" data-widget_type=\"heading.default\">\n\t\t\t\t<div class=\"elementor-widget-container\">\n\t\t\t<style>\/*! elementor - v3.22.0 - 26-06-2024 *\/\n.elementor-heading-title{padding:0;margin:0;line-height:1}.elementor-widget-heading .elementor-heading-title[class*=elementor-size-]>a{color:inherit;font-size:inherit;line-height:inherit}.elementor-widget-heading .elementor-heading-title.elementor-size-small{font-size:15px}.elementor-widget-heading .elementor-heading-title.elementor-size-medium{font-size:19px}.elementor-widget-heading .elementor-heading-title.elementor-size-large{font-size:29px}.elementor-widget-heading .elementor-heading-title.elementor-size-xl{font-size:39px}.elementor-widget-heading .elementor-heading-title.elementor-size-xxl{font-size:59px}<\/style><h2 class=\"elementor-heading-title elementor-size-default\">Mapeamento de subsolo em rodovias e pistas de aeroportos<\/h2>\t\t<\/div>\n\t\t\t\t<\/div>\n\t\t\t\t\t<\/div>\n\t\t\t\t<\/div>\n\t\t<div class=\"elementor-element elementor-element-ccc16ad e-flex e-con-boxed e-con e-parent\" data-id=\"ccc16ad\" data-element_type=\"container\">\n\t\t\t\t\t<div class=\"e-con-inner\">\n\t\t\t\t<div class=\"elementor-element elementor-element-02aa247 elementor-widget elementor-widget-spacer\" data-id=\"02aa247\" data-element_type=\"widget\" data-widget_type=\"spacer.default\">\n\t\t\t\t<div class=\"elementor-widget-container\">\n\t\t\t<style>\/*! elementor - v3.22.0 - 26-06-2024 *\/\n.elementor-column .elementor-spacer-inner{height:var(--spacer-size)}.e-con{--container-widget-width:100%}.e-con-inner>.elementor-widget-spacer,.e-con>.elementor-widget-spacer{width:var(--container-widget-width,var(--spacer-size));--align-self:var(--container-widget-align-self,initial);--flex-shrink:0}.e-con-inner>.elementor-widget-spacer>.elementor-widget-container,.e-con>.elementor-widget-spacer>.elementor-widget-container{height:100%;width:100%}.e-con-inner>.elementor-widget-spacer>.elementor-widget-container>.elementor-spacer,.e-con>.elementor-widget-spacer>.elementor-widget-container>.elementor-spacer{height:100%}.e-con-inner>.elementor-widget-spacer>.elementor-widget-container>.elementor-spacer>.elementor-spacer-inner,.e-con>.elementor-widget-spacer>.elementor-widget-container>.elementor-spacer>.elementor-spacer-inner{height:var(--container-widget-height,var(--spacer-size))}.e-con-inner>.elementor-widget-spacer.elementor-widget-empty,.e-con>.elementor-widget-spacer.elementor-widget-empty{position:relative;min-height:22px;min-width:22px}.e-con-inner>.elementor-widget-spacer.elementor-widget-empty .elementor-widget-empty-icon,.e-con>.elementor-widget-spacer.elementor-widget-empty .elementor-widget-empty-icon{position:absolute;top:0;bottom:0;left:0;right:0;margin:auto;padding:0;width:22px;height:22px}<\/style>\t\t<div class=\"elementor-spacer\">\n\t\t\t<div class=\"elementor-spacer-inner\"><\/div>\n\t\t<\/div>\n\t\t\t\t<\/div>\n\t\t\t\t<\/div>\n\t\t\t\t\t<\/div>\n\t\t\t\t<\/div>\n\t\t<div class=\"elementor-element elementor-element-9c18d9e e-flex e-con-boxed e-con e-parent\" data-id=\"9c18d9e\" data-element_type=\"container\">\n\t\t\t\t\t<div class=\"e-con-inner\">\n\t\t<div class=\"elementor-element elementor-element-64b0892 e-con-full e-flex e-con e-child\" data-id=\"64b0892\" data-element_type=\"container\">\n\t\t\t\t<div class=\"elementor-element elementor-element-83ecc1d elementor-widget elementor-widget-text-editor\" data-id=\"83ecc1d\" data-element_type=\"widget\" data-widget_type=\"text-editor.default\">\n\t\t\t\t<div class=\"elementor-widget-container\">\n\t\t\t<style>\/*! elementor - v3.22.0 - 26-06-2024 *\/\n.elementor-widget-text-editor.elementor-drop-cap-view-stacked .elementor-drop-cap{background-color:#69727d;color:#fff}.elementor-widget-text-editor.elementor-drop-cap-view-framed .elementor-drop-cap{color:#69727d;border:3px solid;background-color:transparent}.elementor-widget-text-editor:not(.elementor-drop-cap-view-default) .elementor-drop-cap{margin-top:8px}.elementor-widget-text-editor:not(.elementor-drop-cap-view-default) .elementor-drop-cap-letter{width:1em;height:1em}.elementor-widget-text-editor .elementor-drop-cap{float:left;text-align:center;line-height:1;font-size:50px}.elementor-widget-text-editor .elementor-drop-cap-letter{display:inline-block}<\/style>\t\t\t\t<p>TIPOS DE MAPEAMENTO<\/p><ul><li>Verifica\u00e7\u00e3o da espessura do asfalto<\/li><li>Identifica\u00e7\u00e3o de cavidade<\/li><li>Determina\u00e7\u00e3o da degrada\u00e7\u00e3o dos diversos substratos<\/li><li>Investiga\u00e7\u00e3o de pistas de aeroportos, quanto a sua estrutura e estratigrafia<\/li><\/ul>\t\t\t\t\t\t<\/div>\n\t\t\t\t<\/div>\n\t\t\t\t<\/div>\n\t\t<div class=\"elementor-element elementor-element-802ba63 e-con-full e-flex e-con e-child\" data-id=\"802ba63\" data-element_type=\"container\">\n\t\t\t\t<div class=\"elementor-element elementor-element-2f354c7 elementor-widget elementor-widget-text-editor\" data-id=\"2f354c7\" data-element_type=\"widget\" data-widget_type=\"text-editor.default\">\n\t\t\t\t<div class=\"elementor-widget-container\">\n\t\t\t\t\t\t\t<p>Em projetos e manuten\u00e7\u00e3o de pavimenta\u00e7\u00e3o \u00e9 necess\u00e1rio que os dados e informa\u00e7\u00f5es sejam identificados no momento certo para garantir que os esfor\u00e7os e recursos sejam bem empregados.<\/p><p>Nas a\u00e7\u00f5es necess\u00e1rias que ser\u00e3o tomadas nas manuten\u00e7\u00f5es, evitar sinistros, restaura\u00e7\u00f5es e novos projetos, o m\u00e9todo GEORADAR vem para agregar dados que juntamente com as tecnologias existentes incluindo o diagnostico estrutural com FWD e LWD entre outros.<\/p>\t\t\t\t\t\t<\/div>\n\t\t\t\t<\/div>\n\t\t\t\t<\/div>\n\t\t\t\t\t<\/div>\n\t\t\t\t<\/div>\n\t\t<div class=\"elementor-element elementor-element-dd8e63c e-flex e-con-boxed e-con e-parent\" data-id=\"dd8e63c\" data-element_type=\"container\">\n\t\t\t\t\t<div class=\"e-con-inner\">\n\t\t\t\t<div class=\"elementor-element elementor-element-ae62ecd elementor-widget elementor-widget-spacer\" data-id=\"ae62ecd\" data-element_type=\"widget\" data-widget_type=\"spacer.default\">\n\t\t\t\t<div class=\"elementor-widget-container\">\n\t\t\t\t\t<div class=\"elementor-spacer\">\n\t\t\t<div class=\"elementor-spacer-inner\"><\/div>\n\t\t<\/div>\n\t\t\t\t<\/div>\n\t\t\t\t<\/div>\n\t\t\t\t\t<\/div>\n\t\t\t\t<\/div>\n\t\t<div class=\"elementor-element elementor-element-9c4b4c4 e-flex e-con-boxed e-con e-parent\" data-id=\"9c4b4c4\" data-element_type=\"container\">\n\t\t\t\t\t<div class=\"e-con-inner\">\n\t\t\t\t<div class=\"elementor-element elementor-element-a2fd53c elementor-widget elementor-widget-image\" data-id=\"a2fd53c\" data-element_type=\"widget\" data-widget_type=\"image.default\">\n\t\t\t\t<div class=\"elementor-widget-container\">\n\t\t\t<style>\/*! elementor - v3.22.0 - 26-06-2024 *\/\n.elementor-widget-image{text-align:center}.elementor-widget-image a{display:inline-block}.elementor-widget-image a img[src$=\".svg\"]{width:48px}.elementor-widget-image img{vertical-align:middle;display:inline-block}<\/style>\t\t\t\t\t\t\t\t\t\t<img fetchpriority=\"high\" decoding=\"async\" width=\"1024\" height=\"393\" src=\"http:\/\/desenvolverd.com.br\/oriti\/wp-content\/uploads\/2024\/07\/6215625958c49840033f6c23_imagem-12-1024x393.png\" class=\"attachment-large size-large wp-image-118\" alt=\"\" srcset=\"http:\/\/desenvolverd.com.br\/oriti\/wp-content\/uploads\/2024\/07\/6215625958c49840033f6c23_imagem-12-1024x393.png 1024w, http:\/\/desenvolverd.com.br\/oriti\/wp-content\/uploads\/2024\/07\/6215625958c49840033f6c23_imagem-12-300x115.png 300w, http:\/\/desenvolverd.com.br\/oriti\/wp-content\/uploads\/2024\/07\/6215625958c49840033f6c23_imagem-12-768x294.png 768w, http:\/\/desenvolverd.com.br\/oriti\/wp-content\/uploads\/2024\/07\/6215625958c49840033f6c23_imagem-12.png 1385w\" sizes=\"(max-width: 1024px) 100vw, 1024px\" \/>\t\t\t\t\t\t\t\t\t\t\t\t\t<\/div>\n\t\t\t\t<\/div>\n\t\t\t\t<div class=\"elementor-element elementor-element-01aa720 elementor-widget elementor-widget-image\" data-id=\"01aa720\" data-element_type=\"widget\" data-widget_type=\"image.default\">\n\t\t\t\t<div class=\"elementor-widget-container\">\n\t\t\t\t\t\t\t\t\t\t\t\t\t<img decoding=\"async\" width=\"673\" height=\"389\" src=\"http:\/\/desenvolverd.com.br\/oriti\/wp-content\/uploads\/2024\/07\/6215626693bc30d2a24237db_Imagem12.png\" class=\"attachment-large size-large wp-image-119\" alt=\"\" srcset=\"http:\/\/desenvolverd.com.br\/oriti\/wp-content\/uploads\/2024\/07\/6215626693bc30d2a24237db_Imagem12.png 673w, http:\/\/desenvolverd.com.br\/oriti\/wp-content\/uploads\/2024\/07\/6215626693bc30d2a24237db_Imagem12-300x173.png 300w\" sizes=\"(max-width: 673px) 100vw, 673px\" \/>\t\t\t\t\t\t\t\t\t\t\t\t\t<\/div>\n\t\t\t\t<\/div>\n\t\t\t\t<div class=\"elementor-element elementor-element-c8bcdfd elementor-widget elementor-widget-image\" data-id=\"c8bcdfd\" data-element_type=\"widget\" data-widget_type=\"image.default\">\n\t\t\t\t<div class=\"elementor-widget-container\">\n\t\t\t\t\t\t\t\t\t\t\t\t\t<img decoding=\"async\" width=\"546\" height=\"301\" src=\"http:\/\/desenvolverd.com.br\/oriti\/wp-content\/uploads\/2024\/07\/6215626cf36bb09de8ca3409_Imagem13.png\" class=\"attachment-large size-large wp-image-120\" alt=\"\" srcset=\"http:\/\/desenvolverd.com.br\/oriti\/wp-content\/uploads\/2024\/07\/6215626cf36bb09de8ca3409_Imagem13.png 546w, http:\/\/desenvolverd.com.br\/oriti\/wp-content\/uploads\/2024\/07\/6215626cf36bb09de8ca3409_Imagem13-300x165.png 300w\" sizes=\"(max-width: 546px) 100vw, 546px\" \/>\t\t\t\t\t\t\t\t\t\t\t\t\t<\/div>\n\t\t\t\t<\/div>\n\t\t\t\t\t<\/div>\n\t\t\t\t<\/div>\n\t\t\t\t<\/div>\n\t\t","protected":false},"excerpt":{"rendered":"<p>Mapeamento de subsolo em rodovias e pistas de aeroportos TIPOS DE MAPEAMENTO Verifica\u00e7\u00e3o da espessura do asfalto Identifica\u00e7\u00e3o de cavidade Determina\u00e7\u00e3o da degrada\u00e7\u00e3o dos diversos substratos Investiga\u00e7\u00e3o de pistas de aeroportos, quanto a sua estrutura e estratigrafia Em projetos e manuten\u00e7\u00e3o de pavimenta\u00e7\u00e3o \u00e9 necess\u00e1rio que os dados e informa\u00e7\u00f5es sejam identificados no momento certo&hellip;&nbsp;<a href=\"http:\/\/desenvolverd.com.br\/oriti\/interferencia-em-solo-2-2-2\/\" class=\"\" rel=\"bookmark\">Continue a ler &raquo;<span class=\"screen-reader-text\">Mapeamento Rodovias<\/span><\/a><\/p>\n","protected":false},"author":1,"featured_media":0,"parent":0,"menu_order":0,"comment_status":"closed","ping_status":"closed","template":"page-templates\/template-pagebuilder-full-width.php","meta":{"neve_meta_sidebar":"","neve_meta_container":"","neve_meta_enable_content_width":"","neve_meta_content_width":0,"neve_meta_title_alignment":"","neve_meta_author_avatar":"","neve_post_elements_order":"","neve_meta_disable_header":"","neve_meta_disable_footer":"","neve_meta_disable_title":"","footnotes":""},"class_list":["post-115","page","type-page","status-publish","hentry"],"_links":{"self":[{"href":"http:\/\/desenvolverd.com.br\/oriti\/wp-json\/wp\/v2\/pages\/115","targetHints":{"allow":["GET"]}}],"collection":[{"href":"http:\/\/desenvolverd.com.br\/oriti\/wp-json\/wp\/v2\/pages"}],"about":[{"href":"http:\/\/desenvolverd.com.br\/oriti\/wp-json\/wp\/v2\/types\/page"}],"author":[{"embeddable":true,"href":"http:\/\/desenvolverd.com.br\/oriti\/wp-json\/wp\/v2\/users\/1"}],"replies":[{"embeddable":true,"href":"http:\/\/desenvolverd.com.br\/oriti\/wp-json\/wp\/v2\/comments?post=115"}],"version-history":[{"count":7,"href":"http:\/\/desenvolverd.com.br\/oriti\/wp-json\/wp\/v2\/pages\/115\/revisions"}],"predecessor-version":[{"id":126,"href":"http:\/\/desenvolverd.com.br\/oriti\/wp-json\/wp\/v2\/pages\/115\/revisions\/126"}],"wp:attachment":[{"href":"http:\/\/desenvolverd.com.br\/oriti\/wp-json\/wp\/v2\/media?parent=115"}],"curies":[{"name":"wp","href":"https:\/\/api.w.org\/{rel}","templated":true}]}}